{"id":2341,"date":"2024-12-07T16:41:27","date_gmt":"2024-12-07T16:41:27","guid":{"rendered":"http:\/\/3hourroadwaysafety.wait-and-see.net\/?page_id=2341"},"modified":"2025-09-09T11:16:17","modified_gmt":"2025-09-09T11:16:17","slug":"guia-de-estudio-de-maryland","status":"publish","type":"page","link":"https:\/\/3hourroadwaysafety.com\/es\/guia-de-estudio-de-maryland\/","title":{"rendered":"Gu\u00eda de estudio de Maryland"},"content":{"rendered":"\n<div class=\"wp-block-group first-section\" style=\"padding-top:var(--wp--preset--spacing--60);padding-bottom:var(--wp--preset--spacing--60)\"><div class=\"wp-block-group__inner-container is-layout-constrained wp-block-group-is-layout-constrained\">\n<h2 class=\"wp-block-heading has-text-align-center\">Maryland cuenta actualmente con una gu\u00eda de estudio en los siguientes idiomas<\/h2>\n\n\n\n<h3 class=\"wp-block-heading has-text-align-center\" style=\"margin-bottom:var(--wp--preset--spacing--70)\">Por favor descargue la para usted<\/h3>\n\n\n\n<div class=\"wp-block-columns is-layout-flex wp-container-core-columns-is-layout-adfb9f59 wp-block-columns-is-layout-flex\" style=\"margin-top:0px;margin-bottom:0px\">\n<div class=\"wp-block-column is-layout-flow wp-block-column-is-layout-flow\">\n<div class=\"wp-block-buttons btn-version is-content-justification-center is-layout-flex wp-container-core-buttons-is-layout-edd450fc wp-block-buttons-is-layout-flex\" style=\"padding-top:30px;padding-bottom:30px\">\n<div class=\"wp-block-button\"><a class=\"wp-block-button__link wp-element-button\" href=\"https:\/\/mva.maryland.gov\/Documents\/DL-002.pdf\"><strong>Versi\u00f3n en ingl\u00e9s<\/strong><\/a><\/div>\n<\/div>\n<\/div>\n\n\n\n<div class=\"wp-block-column is-layout-flow wp-block-column-is-layout-flow\">\n<div class=\"wp-block-buttons btn-version btn-version-2 is-content-justification-center is-layout-flex wp-container-core-buttons-is-layout-edd450fc wp-block-buttons-is-layout-flex\" style=\"padding-top:30px;padding-bottom:30px\">\n<div class=\"wp-block-button\"><a class=\"wp-block-button__link wp-element-button\" href=\"https:\/\/mva.maryland.gov\/Documents\/DL-002-Spanish.pdf\"><strong>Versi\u00f3n en espa\u00f1ol<\/strong><\/a><\/div>\n<\/div>\n<\/div>\n\n\n\n<div class=\"wp-block-column is-layout-flow wp-block-column-is-layout-flow\">\n<div class=\"wp-block-buttons btn-version is-content-justification-center is-layout-flex wp-container-core-buttons-is-layout-edd450fc wp-block-buttons-is-layout-flex\" style=\"padding-top:30px;padding-bottom:30px\">\n<div class=\"wp-block-button\"><a class=\"wp-block-button__link wp-element-button\" href=\"https:\/\/mva.maryland.gov\/Documents\/DL-002-Chinese.pdf\"><strong>Versi\u00f3n en chino tradicional<\/strong><\/a><\/div>\n<\/div>\n<\/div>\n<\/div>\n\n\n\n<div class=\"wp-block-columns is-layout-flex wp-container-core-columns-is-layout-adfb9f59 wp-block-columns-is-layout-flex\" style=\"margin-top:0px;margin-bottom:0px\">\n<div class=\"wp-block-column is-layout-flow wp-block-column-is-layout-flow\">\n<div class=\"wp-block-buttons btn-version is-content-justification-center is-layout-flex wp-container-core-buttons-is-layout-edd450fc wp-block-buttons-is-layout-flex\" style=\"padding-top:30px;padding-bottom:30px\">\n<div class=\"wp-block-button\"><a class=\"wp-block-button__link wp-element-button\" href=\"https:\/\/mva.maryland.gov\/Documents\/DL-002-Vietnamese.pdf\"><strong>Versi\u00f3n en vietnamita<\/strong><\/a><\/div>\n<\/div>\n<\/div>\n\n\n\n<div class=\"wp-block-column is-layout-flow wp-block-column-is-layout-flow\">\n<div class=\"wp-block-buttons btn-version btn-version-2 is-content-justification-center is-layout-flex wp-container-core-buttons-is-layout-edd450fc wp-block-buttons-is-layout-flex\" style=\"padding-top:30px;padding-bottom:30px\">\n<div class=\"wp-block-button\"><a class=\"wp-block-button__link wp-element-button\" href=\"https:\/\/mva.maryland.gov\/Documents\/DL-002-French.pdf\"><strong>Versi\u00f3n en franc\u00e9s<\/strong><\/a><\/div>\n<\/div>\n<\/div>\n\n\n\n<div class=\"wp-block-column is-layout-flow wp-block-column-is-layout-flow\">\n<div class=\"wp-block-buttons btn-version is-content-justification-center is-layout-flex wp-container-core-buttons-is-layout-edd450fc wp-block-buttons-is-layout-flex\" style=\"padding-top:30px;padding-bottom:30px\">\n<div class=\"wp-block-button\"><a class=\"wp-block-button__link wp-element-button\" href=\"https:\/\/mva.maryland.gov\/Documents\/DL-002-Korean.pdf\"><strong>Versi\u00f3n en coreano<\/strong><\/a><\/div>\n<\/div>\n<\/div>\n<\/div>\n\n\n\n<div class=\"wp-block-columns is-layout-flex wp-container-core-columns-is-layout-adfb9f59 wp-block-columns-is-layout-flex\" style=\"margin-top:0px;margin-bottom:0px\">\n<div class=\"wp-block-column is-layout-flow wp-block-column-is-layout-flow\">\n<div class=\"wp-block-buttons btn-version is-content-justification-center is-layout-flex wp-container-core-buttons-is-layout-edd450fc wp-block-buttons-is-layout-flex\" style=\"padding-top:30px;padding-bottom:30px\">\n<div class=\"wp-block-button\"><a class=\"wp-block-button__link wp-element-button\" href=\"https:\/\/mva.maryland.gov\/Documents\/DL-002-Nepali.pdf\"><strong>Versi\u00f3n en nepal\u00ed<\/strong><\/a><\/div>\n<\/div>\n<\/div>\n\n\n\n<div class=\"wp-block-column is-layout-flow wp-block-column-is-layout-flow\">\n<div class=\"wp-block-buttons btn-version btn-version-2 is-content-justification-center is-layout-flex wp-container-core-buttons-is-layout-edd450fc wp-block-buttons-is-layout-flex\" style=\"padding-top:30px;padding-bottom:30px\">\n<div class=\"wp-block-button\"><a class=\"wp-block-button__link wp-element-button\" href=\"https:\/\/mva.maryland.gov\/Documents\/DL-002-Russian.pdf\"><strong>Versi\u00f3n en ruso<\/strong><\/a><\/div>\n<\/div>\n<\/div>\n\n\n\n<div class=\"wp-block-column is-layout-flow wp-block-column-is-layout-flow\">\n<div class=\"wp-block-buttons btn-version is-content-justification-center is-layout-flex wp-container-core-buttons-is-layout-edd450fc wp-block-buttons-is-layout-flex\" style=\"padding-top:30px;padding-bottom:30px\">\n<div class=\"wp-block-button\"><a class=\"wp-block-button__link wp-element-button\" href=\"https:\/\/mva.maryland.gov\/Documents\/DL-002-Tagalog.pdf\"><strong>Versi\u00f3n en tagalo<\/strong><\/a><\/div>\n<\/div>\n<\/div>\n<\/div>\n\n\n\n<div class=\"wp-block-columns is-layout-flex wp-container-core-columns-is-layout-adfb9f59 wp-block-columns-is-layout-flex\" style=\"margin-top:0px;margin-bottom:0px\">\n<div class=\"wp-block-column is-layout-flow wp-block-column-is-layout-flow\">\n<div class=\"wp-block-buttons btn-version is-content-justification-center is-layout-flex wp-container-core-buttons-is-layout-edd450fc wp-block-buttons-is-layout-flex\" style=\"padding-top:30px;padding-bottom:30px\">\n<div class=\"wp-block-button\"><a class=\"wp-block-button__link wp-element-button\" href=\"https:\/\/mva.maryland.gov\/Documents\/DL-002-Amharic.pdf\"><strong>Versi\u00f3n en am\u00e1rico<\/strong><\/a><\/div>\n<\/div>\n<\/div>\n\n\n\n<div class=\"wp-block-column is-layout-flow wp-block-column-is-layout-flow\">\n<div class=\"wp-block-buttons btn-version btn-version-2 is-content-justification-center is-layout-flex wp-container-core-buttons-is-layout-edd450fc wp-block-buttons-is-layout-flex\" style=\"padding-top:30px;padding-bottom:30px\">\n<div class=\"wp-block-button\"><a class=\"wp-block-button__link wp-element-button\" href=\"https:\/\/mva.maryland.gov\/Documents\/DL-002-Hindi.pdf\"><strong>Versi\u00f3n en hindi<\/strong><\/a><\/div>\n<\/div>\n<\/div>\n\n\n\n<div class=\"wp-block-column is-layout-flow wp-block-column-is-layout-flow\">\n<div class=\"wp-block-buttons btn-version is-content-justification-center is-layout-flex wp-container-core-buttons-is-layout-edd450fc wp-block-buttons-is-layout-flex\" style=\"padding-top:30px;padding-bottom:30px\">\n<div class=\"wp-block-button\"><a class=\"wp-block-button__link wp-element-button\" href=\"https:\/\/mva.maryland.gov\/Documents\/DL-002-Yoruba.pdf\"><strong>Versi\u00f3n en yoruba<\/strong><\/a><\/div>\n<\/div>\n<\/div>\n<\/div>\n<\/div><\/div>\n\n\n\n<div class=\"wp-block-group\" style=\"border-top-color:var(--wp--preset--color--theme-palette-6);border-top-width:1px;padding-top:var(--wp--preset--spacing--80);padding-bottom:var(--wp--preset--spacing--80)\"><div class=\"wp-block-group__inner-container is-layout-constrained wp-block-group-is-layout-constrained\">\n<h2 class=\"wp-block-heading has-text-align-center\" style=\"margin-bottom:var(--wp--preset--spacing--70)\"><strong>Qu\u00e9 Esperar<\/strong><\/h2>\n\n\n\n<figure class=\"wp-block-embed is-type-video is-provider-youtube wp-block-embed-youtube text-align-center\" style=\"margin-top:2em\"><div class=\"wp-block-embed__wrapper\">\n<iframe loading=\"lazy\" title=\"MD Drivers Test Update 2015\" width=\"720\" height=\"405\" src=\"https:\/\/www.youtube.com\/embed\/xDKZag1YoWY?feature=oembed\" frameborder=\"0\" allow=\"accelerometer; autoplay; clipboard-write; encrypted-media; gyroscope; picture-in-picture; web-share\" referrerpolicy=\"strict-origin-when-cross-origin\" allowfullscreen><\/iframe>\n<\/div><\/figure>\n<\/div><\/div>\n\n\n\n<div class=\"wp-block-group\" style=\"border-top-color:var(--wp--preset--color--theme-palette-6);border-top-width:1px;padding-top:var(--wp--preset--spacing--80)\"><div class=\"wp-block-group__inner-container is-layout-constrained wp-block-group-is-layout-constrained\">\n<h2 class=\"wp-block-heading has-text-align-center\" style=\"margin-bottom:var(--wp--preset--spacing--70)\">Descargue la aplicaci\u00f3n de prueba de la tienda Apple a continuaci\u00f3n<\/h2>\n\n\n\n<div class=\"wp-block-buttons btn-version btn-version-2 is-content-justification-center is-layout-flex wp-container-core-buttons-is-layout-16018d1d wp-block-buttons-is-layout-flex\">\n<div class=\"wp-block-button\"><a class=\"wp-block-button__link wp-element-button\" href=\"https:\/\/apps.apple.com\/us\/app\/md-practice-driving-test\/id466334271\">Descargar Ahora<\/a><\/div>\n<\/div>\n<\/div><\/div>\n","protected":false},"excerpt":{"rendered":"<p>Maryland cuenta actualmente con una gu\u00eda de estudio en los siguientes idiomas Por favor descargue la para usted Qu\u00e9 Esperar Descargue la aplicaci\u00f3n de prueba de la tienda Apple a continuaci\u00f3n<\/p>\n","protected":false},"author":1,"featured_media":0,"parent":0,"menu_order":0,"comment_status":"closed","ping_status":"closed","template":"","meta":{"_acf_changed":false,"_kad_post_transparent":"","_kad_post_title":"","_kad_post_layout":"","_kad_post_sidebar_id":"","_kad_post_content_style":"","_kad_post_vertical_padding":"","_kad_post_feature":"","_kad_post_feature_position":"","_kad_post_header":false,"_kad_post_footer":false,"_kad_post_classname":"","footnotes":""},"class_list":["post-2341","page","type-page","status-publish","hentry"],"acf":[],"_links":{"self":[{"href":"https:\/\/3hourroadwaysafety.com\/es\/wp-json\/wp\/v2\/pages\/2341","targetHints":{"allow":["GET"]}}],"collection":[{"href":"https:\/\/3hourroadwaysafety.com\/es\/wp-json\/wp\/v2\/pages"}],"about":[{"href":"https:\/\/3hourroadwaysafety.com\/es\/wp-json\/wp\/v2\/types\/page"}],"author":[{"embeddable":true,"href":"https:\/\/3hourroadwaysafety.com\/es\/wp-json\/wp\/v2\/users\/1"}],"replies":[{"embeddable":true,"href":"https:\/\/3hourroadwaysafety.com\/es\/wp-json\/wp\/v2\/comments?post=2341"}],"version-history":[{"count":0,"href":"https:\/\/3hourroadwaysafety.com\/es\/wp-json\/wp\/v2\/pages\/2341\/revisions"}],"wp:attachment":[{"href":"https:\/\/3hourroadwaysafety.com\/es\/wp-json\/wp\/v2\/media?parent=2341"}],"curies":[{"name":"wp","href":"https:\/\/api.w.org\/{rel}","templated":true}]}}