{"id":2344,"date":"2024-12-07T16:43:14","date_gmt":"2024-12-07T16:43:14","guid":{"rendered":"http:\/\/3hourroadwaysafety.wait-and-see.net\/?page_id=2344"},"modified":"2025-09-09T11:17:48","modified_gmt":"2025-09-09T11:17:48","slug":"citas-para-mva","status":"publish","type":"page","link":"https:\/\/3hourroadwaysafety.com\/es\/citas-para-mva\/","title":{"rendered":"Citas para la MVA"},"content":{"rendered":"\n<div class=\"wp-block-group\" style=\"padding-top:var(--wp--preset--spacing--60);padding-bottom:var(--wp--preset--spacing--60)\"><div class=\"wp-block-group__inner-container is-layout-constrained wp-block-group-is-layout-constrained\">\n<h2 class=\"wp-block-heading has-text-align-center\">A trav\u00e9s de nuestro socio <a href=\"http:\/\/mariastagntitle.com\/\" data-type=\"link\" data-id=\"http:\/\/mariastagntitle.com\/\">Maria\u2019s Tag &amp; Title<\/a> podemos programar su cita para la MVA para su primera cita o una reprogramaci\u00f3n<\/h2>\n\n\n\n<h2 class=\"wp-block-heading has-text-align-center\">El costo es de $20 y le enviaremos la confirmaci\u00f3n por correo electr\u00f3nico<\/h2>\n\n\n\n<div class=\"wp-block-buttons btn-version btn-version-2 is-content-justification-center is-layout-flex wp-container-core-buttons-is-layout-4991cd07 wp-block-buttons-is-layout-flex\" style=\"margin-top:var(--wp--preset--spacing--70)\">\n<div class=\"wp-block-button\"><a class=\"wp-block-button__link wp-element-button\">Programar Cita Pr\u00f3ximamente<\/a><\/div>\n<\/div>\n<\/div><\/div>\n","protected":false},"excerpt":{"rendered":"<p>A trav\u00e9s de nuestro socio Maria\u2019s Tag &amp; Title podemos programar su cita para la MVA para su primera cita o una reprogramaci\u00f3n El costo es de $20 y le enviaremos la confirmaci\u00f3n por correo electr\u00f3nico<\/p>\n","protected":false},"author":1,"featured_media":0,"parent":0,"menu_order":0,"comment_status":"closed","ping_status":"closed","template":"","meta":{"_acf_changed":false,"_kad_post_transparent":"","_kad_post_title":"","_kad_post_layout":"","_kad_post_sidebar_id":"","_kad_post_content_style":"","_kad_post_vertical_padding":"","_kad_post_feature":"","_kad_post_feature_position":"","_kad_post_header":false,"_kad_post_footer":false,"_kad_post_classname":"","footnotes":""},"class_list":["post-2344","page","type-page","status-publish","hentry"],"acf":[],"_links":{"self":[{"href":"https:\/\/3hourroadwaysafety.com\/es\/wp-json\/wp\/v2\/pages\/2344","targetHints":{"allow":["GET"]}}],"collection":[{"href":"https:\/\/3hourroadwaysafety.com\/es\/wp-json\/wp\/v2\/pages"}],"about":[{"href":"https:\/\/3hourroadwaysafety.com\/es\/wp-json\/wp\/v2\/types\/page"}],"author":[{"embeddable":true,"href":"https:\/\/3hourroadwaysafety.com\/es\/wp-json\/wp\/v2\/users\/1"}],"replies":[{"embeddable":true,"href":"https:\/\/3hourroadwaysafety.com\/es\/wp-json\/wp\/v2\/comments?post=2344"}],"version-history":[{"count":0,"href":"https:\/\/3hourroadwaysafety.com\/es\/wp-json\/wp\/v2\/pages\/2344\/revisions"}],"wp:attachment":[{"href":"https:\/\/3hourroadwaysafety.com\/es\/wp-json\/wp\/v2\/media?parent=2344"}],"curies":[{"name":"wp","href":"https:\/\/api.w.org\/{rel}","templated":true}]}}