{"id":2353,"date":"2024-12-07T16:46:32","date_gmt":"2024-12-07T16:46:32","guid":{"rendered":"http:\/\/3hourroadwaysafety.wait-and-see.net\/?page_id=2353"},"modified":"2025-10-28T09:18:44","modified_gmt":"2025-10-28T09:18:44","slug":"contacto","status":"publish","type":"page","link":"https:\/\/3hourroadwaysafety.com\/es\/contacto\/","title":{"rendered":"Contacto"},"content":{"rendered":"\n<div class=\"wp-block-group has-background\" style=\"background-color:#0f2385;padding-top:var(--wp--preset--spacing--80);padding-right:var(--wp--preset--spacing--80);padding-bottom:var(--wp--preset--spacing--80);padding-left:var(--wp--preset--spacing--80)\"><div class=\"wp-block-group__inner-container is-layout-constrained wp-container-core-group-is-layout-6bd12890 wp-block-group-is-layout-constrained\">\n<h2 class=\"wp-block-heading has-theme-palette-9-color has-text-color has-link-color wp-elements-9c9a24ef6ab64a753c864d2f53271ad5\">Nuestro correo electr\u00f3nico<\/h2>\n\n\n\n<p class=\"has-theme-palette-9-color has-text-color has-link-color wp-elements-892e2514f644681dbc2392a8ccdbb6f3\">Tiene una pregunta o consulta general<\/p>\n\n\n\n<div class=\"wp-block-buttons is-content-justification-left is-layout-flex wp-container-core-buttons-is-layout-3b83dccf wp-block-buttons-is-layout-flex\" style=\"border-bottom-color:var(--wp--preset--color--theme-palette-6);border-bottom-width:1px;padding-bottom:var(--wp--preset--spacing--70)\">\n<div class=\"wp-block-button\"><a class=\"wp-block-button__link wp-element-button\" href=\"mailto:3hour@mariastagntitle.com\"><strong>M\u00e1ndenos un correo<\/strong><\/a><\/div>\n<\/div>\n\n\n\n<h2 class=\"wp-block-heading has-theme-palette-9-color has-text-color has-link-color wp-elements-81e1d3398afad4d1f3bfa1f065a19b65\"><strong>N\u00famero de tel\u00e9fono<\/strong><\/h2>\n\n\n\n<p class=\"has-theme-palette-9-color has-text-color has-link-color wp-elements-9bf4632d80b3a1a517fa49f87ca49f94\">Si tiene preguntas, ll\u00e1menos al <a href=\"tel:4105582886\">410-558-2886<\/a><\/p>\n\n\n\n<p><\/p>\n<\/div><\/div>\n","protected":false},"excerpt":{"rendered":"<p>Nuestro correo electr\u00f3nico Tiene una pregunta o consulta general N\u00famero de tel\u00e9fono Si tiene preguntas, ll\u00e1menos al 410-558-2886<\/p>\n","protected":false},"author":1,"featured_media":0,"parent":0,"menu_order":0,"comment_status":"closed","ping_status":"closed","template":"","meta":{"_acf_changed":false,"_kad_post_transparent":"","_kad_post_title":"","_kad_post_layout":"","_kad_post_sidebar_id":"","_kad_post_content_style":"","_kad_post_vertical_padding":"","_kad_post_feature":"","_kad_post_feature_position":"","_kad_post_header":false,"_kad_post_footer":false,"_kad_post_classname":"","footnotes":""},"class_list":["post-2353","page","type-page","status-publish","hentry"],"acf":[],"_links":{"self":[{"href":"https:\/\/3hourroadwaysafety.com\/es\/wp-json\/wp\/v2\/pages\/2353","targetHints":{"allow":["GET"]}}],"collection":[{"href":"https:\/\/3hourroadwaysafety.com\/es\/wp-json\/wp\/v2\/pages"}],"about":[{"href":"https:\/\/3hourroadwaysafety.com\/es\/wp-json\/wp\/v2\/types\/page"}],"author":[{"embeddable":true,"href":"https:\/\/3hourroadwaysafety.com\/es\/wp-json\/wp\/v2\/users\/1"}],"replies":[{"embeddable":true,"href":"https:\/\/3hourroadwaysafety.com\/es\/wp-json\/wp\/v2\/comments?post=2353"}],"version-history":[{"count":0,"href":"https:\/\/3hourroadwaysafety.com\/es\/wp-json\/wp\/v2\/pages\/2353\/revisions"}],"wp:attachment":[{"href":"https:\/\/3hourroadwaysafety.com\/es\/wp-json\/wp\/v2\/media?parent=2353"}],"curies":[{"name":"wp","href":"https:\/\/api.w.org\/{rel}","templated":true}]}}