{"id":2738,"date":"2025-07-18T06:30:47","date_gmt":"2025-07-18T06:30:47","guid":{"rendered":"https:\/\/3hourroadwaysafety.com\/home-espanol\/"},"modified":"2026-04-20T08:28:05","modified_gmt":"2026-04-20T12:28:05","slug":"casa","status":"publish","type":"page","link":"https:\/\/3hourroadwaysafety.com\/es\/","title":{"rendered":"Inicio"},"content":{"rendered":"\n<div class=\"wp-block-group alignfull first-section-home has-background\" style=\"padding-right:0;padding-left:0;background-image:url(&apos;http:\/\/3hourroadwaysafety.com\/3hrsaf8df4\/uploads\/2023\/09\/background.jpg&apos;);background-size:cover;\"><div class=\"wp-block-group__inner-container is-layout-constrained wp-container-core-group-is-layout-a7c31ef8 wp-block-group-is-layout-constrained\">\n<div class=\"wp-block-columns alignwide are-vertically-aligned-center margin-lr-auto is-layout-flex wp-container-core-columns-is-layout-9d6595d7 wp-block-columns-is-layout-flex\">\n<div class=\"wp-block-column is-vertically-aligned-center is-layout-flow wp-block-column-is-layout-flow\" style=\"flex-basis:65%\">\n<div class=\"wp-block-group row-all-online is-nowrap is-layout-flex wp-container-core-group-is-layout-ad2f72ca wp-block-group-is-layout-flex\">\n<p class=\"all-online has-theme-palette-9-background-color has-background\"><strong><strong>Todo en l\u00ednea<\/strong><\/strong><\/p>\n\n\n\n<p class=\"has-theme-palette-9-color has-text-color has-link-color wp-elements-e27d8b8f9d22ee66a0ba7afb92ac48c0\">\u00a1Obt\u00e9n tu licencia de Maryland ahora!<\/p>\n<\/div>\n\n\n\n<div class=\"wp-block-buttons is-layout-flex wp-block-buttons-is-layout-flex\">\n<div class=\"wp-block-button\"><a class=\"wp-block-button__link wp-element-button\" href=\"\/es\/registrarse\/\" style=\"padding-top:var(--wp--preset--spacing--40);padding-right:var(--wp--preset--spacing--70);padding-bottom:var(--wp--preset--spacing--40);padding-left:var(--wp--preset--spacing--70)\"><strong>HAZ CLIC AQU\u00cd PARA REGISTRARTE AHORA<\/strong><\/a><\/div>\n<\/div>\n\n\n\n<h1 class=\"wp-block-heading has-theme-palette-9-color has-text-color has-link-color wp-elements-253f0aa3693bfa99f618aa1d47d1d31f\" style=\"margin-top:var(--wp--preset--spacing--20)\"><strong>\u00a1Ya est\u00e1 disponible nuestro curso <strong>Maryland<\/strong> 3 Hour Roadway Safety<\/strong> <strong>!<\/strong><\/h1>\n\n\n\n<p class=\"has-theme-palette-9-color has-text-color has-link-color wp-elements-548106d7b4a7d2896037ea535583b7f9\"><strong>\u00ab$50 Cheap ALL ONLINE DIP\u201d<\/strong> te da la bienvenida a nuestro curso de seguridad vial de 3 horas. Esta es la clase para quienes tienen una licencia de conducir extranjera y desean obtener una licencia de conducir de Maryland. Necesitas esta clase para evitar la escuela de manejo. Nuestro curso est\u00e1 disponible <strong>a demanda<\/strong>: ahora puedes tomarlo a tu propio ritmo. Si ya tienes una identificaci\u00f3n de Maryland (MD ID), por favor incl\u00fayela en tu inscripci\u00f3n. Si no, nosotros la solicitaremos por ti. Una vez que completes exitosamente la clase, te registrar\u00e1s para el examen final, que tambi\u00e9n es virtual. Despu\u00e9s registraremos tu finalizaci\u00f3n electr\u00f3nicamente bajo tu (existente\/nueva) MD ID en el Maryland MVA y te enviaremos una confirmaci\u00f3n. \u00a1As\u00ed de f\u00e1cil!<\/p>\n<\/div>\n\n\n\n<div class=\"wp-block-column is-vertically-aligned-center is-layout-flow wp-block-column-is-layout-flow\"><\/div>\n<\/div>\n<\/div><\/div>\n\n\n\n<div class=\"wp-block-group second-section-home\" style=\"padding-top:var(--wp--preset--spacing--60);padding-bottom:var(--wp--preset--spacing--60)\"><div class=\"wp-block-group__inner-container is-layout-constrained wp-block-group-is-layout-constrained\">\n<p class=\"has-text-align-center has-text-color has-link-color wp-elements-a125dae87abb864d8c25bf811e6a718d\" style=\"color:#425a9e;margin-top:0;margin-bottom:var(--wp--preset--spacing--20)\"><strong><strong>\u00a1Todo se hace de manera virtual!<\/strong><\/strong><\/p>\n\n\n\n<h2 class=\"wp-block-heading has-text-align-center\" style=\"margin-top:var(--wp--preset--spacing--20);margin-bottom:var(--wp--preset--spacing--70)\"><strong>No es necesario venir en persona por un certificado.<\/strong><\/h2>\n\n\n\n<div class=\"wp-block-columns is-layout-flex wp-container-core-columns-is-layout-9d6595d7 wp-block-columns-is-layout-flex\">\n<div class=\"wp-block-column is-vertically-aligned-top is-layout-flow wp-block-column-is-layout-flow\" style=\"padding-right:0\"><div class=\"wp-block-image\">\n<figure class=\"aligncenter size-full is-resized\"><img loading=\"lazy\" decoding=\"async\" width=\"512\" height=\"512\" src=\"http:\/\/3hourroadwaysafety.com\/3hrsaf8df4\/uploads\/2025\/07\/cancel-button-1.png\" alt=\"\" class=\"wp-image-2571\" style=\"object-fit:cover;width:35px;height:35px\" srcset=\"https:\/\/3hourroadwaysafety.com\/3hrsaf8df4\/uploads\/2025\/07\/cancel-button-1.png 512w, https:\/\/3hourroadwaysafety.com\/3hrsaf8df4\/uploads\/2025\/07\/cancel-button-1-300x300.png 300w, https:\/\/3hourroadwaysafety.com\/3hrsaf8df4\/uploads\/2025\/07\/cancel-button-1-150x150.png 150w, https:\/\/3hourroadwaysafety.com\/3hrsaf8df4\/uploads\/2025\/07\/cancel-button-1-500x500.png 500w, https:\/\/3hourroadwaysafety.com\/3hrsaf8df4\/uploads\/2025\/07\/cancel-button-1-100x100.png 100w\" sizes=\"auto, (max-width: 512px) 100vw, 512px\" \/><\/figure>\n<\/div>\n\n\n<p class=\"has-text-align-center has-medium-font-size\"><strong><strong>Pol\u00edtica de cancelaci\u00f3n<\/strong><\/strong><\/p>\n\n\n\n<p class=\"has-text-align-center\">Si ya has completado las diapositivas pero no el examen final, podemos emitirte un reembolso a solicitud.<br>Si has completado ambos, no se emitir\u00e1 ning\u00fan reembolso.<br>Para nuestra clase presencial, debes solicitar la cancelaci\u00f3n al menos 3 horas antes de la clase para que se te emita un reembolso.<\/p>\n\n\n\n<p class=\"has-text-align-center get-started has-theme-palette-3-color has-text-color has-link-color wp-elements-f097997880790379a8678fb4401197f0\"><strong><strong><a href=\"\/es\/registrarse\/\" data-type=\"link\" data-id=\"https:\/\/pci.jotform.com\/form\/260373540631148\">\u00a1Comienza ahora!<\/a><\/strong><\/strong><\/p>\n<\/div>\n\n\n\n<div class=\"wp-block-column is-layout-flow wp-block-column-is-layout-flow\" style=\"padding-left:0\"><div class=\"wp-block-image\">\n<figure class=\"aligncenter size-full is-resized\"><img loading=\"lazy\" decoding=\"async\" width=\"512\" height=\"512\" src=\"http:\/\/3hourroadwaysafety.com\/3hrsaf8df4\/uploads\/2025\/07\/award-1.png\" alt=\"\" class=\"wp-image-2572\" style=\"width:45px\" srcset=\"https:\/\/3hourroadwaysafety.com\/3hrsaf8df4\/uploads\/2025\/07\/award-1.png 512w, https:\/\/3hourroadwaysafety.com\/3hrsaf8df4\/uploads\/2025\/07\/award-1-300x300.png 300w, https:\/\/3hourroadwaysafety.com\/3hrsaf8df4\/uploads\/2025\/07\/award-1-150x150.png 150w, https:\/\/3hourroadwaysafety.com\/3hrsaf8df4\/uploads\/2025\/07\/award-1-500x500.png 500w, https:\/\/3hourroadwaysafety.com\/3hrsaf8df4\/uploads\/2025\/07\/award-1-100x100.png 100w\" sizes=\"auto, (max-width: 512px) 100vw, 512px\" \/><\/figure>\n<\/div>\n\n\n<p class=\"has-text-align-center has-medium-font-size\"><strong><strong>Examen<\/strong><\/strong><\/p>\n\n\n\n<p class=\"has-text-align-center\">Realizamos los ex\u00e1menes usando <strong>Google Meets<\/strong>. Debes tener instalado Google Meets con video para que podamos evaluarte.<br>Debemos observarte y verificar tu identidad mientras realizas el examen.<br>Los ex\u00e1menes se llevan a cabo de lunes a viernes de <strong>12:45 a 1:00 pm.<\/strong>, los s\u00e1bados de <strong>12:45 a 1pm<\/strong>, y domingos a <strong>1:45pm.<\/strong><br>El <strong>primer cambio de horario es gratuito<\/strong>. A partir de ah\u00ed, se cobrar\u00e1 una tarifa de <strong>$15 por reprogramaci\u00f3n<\/strong>.<\/p>\n\n\n\n<p class=\"has-text-align-center get-started has-theme-palette-3-color has-text-color has-link-color wp-elements-4dfe26dd045c27f71b1455c5de0adf95\"><strong><strong><a href=\"\/es\/registrarse\/\">\u00a1Comienza ahora!<\/a><\/strong><\/strong><\/p>\n<\/div>\n<\/div>\n<\/div><\/div>\n\n\n\n<div class=\"wp-block-columns are-vertically-aligned-bottom third-section-home is-layout-flex wp-container-core-columns-is-layout-c05257ab wp-block-columns-is-layout-flex\" style=\"padding-top:var(--wp--preset--spacing--60);padding-bottom:var(--wp--preset--spacing--60)\">\n<div class=\"wp-block-column is-vertically-aligned-bottom is-layout-flow wp-block-column-is-layout-flow\" style=\"flex-basis:100%\">\n<div class=\"wp-block-group home-same-group-left\" style=\"padding-top:12rem;padding-right:3rem;padding-bottom:var(--wp--preset--spacing--40);padding-left:3rem\"><div class=\"wp-block-group__inner-container is-layout-constrained wp-container-core-group-is-layout-62e6f519 wp-block-group-is-layout-constrained\">\n<h2 class=\"wp-block-heading has-theme-palette-9-color has-text-color has-link-color wp-elements-9c867d57014809c30714169f06f3e13f\"><strong>Obt\u00e9n tu licencia de Marylan<\/strong><\/h2>\n\n\n\n<p class=\"has-theme-palette-9-color has-text-color has-link-color has-medium-font-size wp-elements-eff1c35baf52bd4db639b95826546ae8\">Lo hacemos simple y f\u00e1cil para ti.<\/p>\n\n\n<div class=\"wp-block-image link-to-page\">\n<figure class=\"alignright size-full is-resized\"><a href=\"\/es\/registrarse\/\"><img loading=\"lazy\" decoding=\"async\" width=\"512\" height=\"512\" src=\"http:\/\/3hourroadwaysafety.com\/3hrsaf8df4\/uploads\/2025\/07\/next.png\" alt=\"\" class=\"wp-image-2645\" style=\"width:30px;height:auto\" srcset=\"https:\/\/3hourroadwaysafety.com\/3hrsaf8df4\/uploads\/2025\/07\/next.png 512w, https:\/\/3hourroadwaysafety.com\/3hrsaf8df4\/uploads\/2025\/07\/next-300x300.png 300w, https:\/\/3hourroadwaysafety.com\/3hrsaf8df4\/uploads\/2025\/07\/next-150x150.png 150w, https:\/\/3hourroadwaysafety.com\/3hrsaf8df4\/uploads\/2025\/07\/next-500x500.png 500w, https:\/\/3hourroadwaysafety.com\/3hrsaf8df4\/uploads\/2025\/07\/next-100x100.png 100w\" sizes=\"auto, (max-width: 512px) 100vw, 512px\" \/><\/a><\/figure>\n<\/div><\/div><\/div>\n<\/div>\n\n\n\n<div class=\"wp-block-column is-vertically-aligned-bottom is-layout-flow wp-block-column-is-layout-flow\" style=\"flex-basis:100%\">\n<div class=\"wp-block-group home-same-group-right\" style=\"padding-top:12rem;padding-right:3rem;padding-bottom:var(--wp--preset--spacing--40);padding-left:3rem\"><div class=\"wp-block-group__inner-container is-layout-constrained wp-container-core-group-is-layout-62e6f519 wp-block-group-is-layout-constrained\">\n<h2 class=\"wp-block-heading has-theme-palette-9-color has-text-color has-link-color wp-elements-c24401147ac2c92492f9d1f51eb0c478\"><strong>Evita la escuela de manejo<\/strong><\/h2>\n\n\n\n<p class=\"has-theme-palette-9-color has-text-color has-link-color has-medium-font-size wp-elements-30a460482273f6b3bd5bd62e1746c413\"><strong>Ofrecemos una soluci\u00f3n virtual sencilla.<\/strong><\/p>\n\n\n<div class=\"wp-block-image link-to-page\">\n<figure class=\"alignright size-full is-resized\"><a href=\"\/es\/registrarse\/\"><img loading=\"lazy\" decoding=\"async\" width=\"512\" height=\"512\" src=\"http:\/\/3hourroadwaysafety.com\/3hrsaf8df4\/uploads\/2025\/07\/next.png\" alt=\"\" class=\"wp-image-2645\" style=\"width:30px\" srcset=\"https:\/\/3hourroadwaysafety.com\/3hrsaf8df4\/uploads\/2025\/07\/next.png 512w, https:\/\/3hourroadwaysafety.com\/3hrsaf8df4\/uploads\/2025\/07\/next-300x300.png 300w, https:\/\/3hourroadwaysafety.com\/3hrsaf8df4\/uploads\/2025\/07\/next-150x150.png 150w, https:\/\/3hourroadwaysafety.com\/3hrsaf8df4\/uploads\/2025\/07\/next-500x500.png 500w, https:\/\/3hourroadwaysafety.com\/3hrsaf8df4\/uploads\/2025\/07\/next-100x100.png 100w\" sizes=\"auto, (max-width: 512px) 100vw, 512px\" \/><\/a><\/figure>\n<\/div><\/div><\/div>\n<\/div>\n<\/div>\n\n\n\n<div class=\"wp-block-group alignfull fourth-section-home has-background\" style=\"padding-top:var(--wp--preset--spacing--60);padding-bottom:var(--wp--preset--spacing--60);background-image:url(&apos;http:\/\/3hourroadwaysafety.com\/3hrsaf8df4\/uploads\/2025\/07\/schedulebck.svg&apos;);background-size:cover;\"><div class=\"wp-block-group__inner-container is-layout-constrained wp-block-group-is-layout-constrained\">\n<div class=\"wp-block-columns alignwide are-vertically-aligned-center margin-lr-auto is-layout-flex wp-container-core-columns-is-layout-9d6595d7 wp-block-columns-is-layout-flex\">\n<div class=\"wp-block-column is-vertically-aligned-center is-layout-flow wp-block-column-is-layout-flow\"><div class=\"wp-block-image\">\n<figure class=\"aligncenter size-large is-resized\"><img loading=\"lazy\" decoding=\"async\" width=\"860\" height=\"1024\" src=\"http:\/\/3hourroadwaysafety.com\/3hrsaf8df4\/uploads\/2023\/09\/classpic4-860x1024.jpg\" alt=\"\" class=\"wp-image-2198\" style=\"width:500px\" srcset=\"https:\/\/3hourroadwaysafety.com\/3hrsaf8df4\/uploads\/2023\/09\/classpic4-860x1024.jpg 860w, https:\/\/3hourroadwaysafety.com\/3hrsaf8df4\/uploads\/2023\/09\/classpic4-500x595.jpg 500w, https:\/\/3hourroadwaysafety.com\/3hrsaf8df4\/uploads\/2023\/09\/classpic4-700x833.jpg 700w, https:\/\/3hourroadwaysafety.com\/3hrsaf8df4\/uploads\/2023\/09\/classpic4-252x300.jpg 252w, https:\/\/3hourroadwaysafety.com\/3hrsaf8df4\/uploads\/2023\/09\/classpic4-768x914.jpg 768w, https:\/\/3hourroadwaysafety.com\/3hrsaf8df4\/uploads\/2023\/09\/classpic4-200x238.jpg 200w, https:\/\/3hourroadwaysafety.com\/3hrsaf8df4\/uploads\/2023\/09\/classpic4-400x476.jpg 400w, https:\/\/3hourroadwaysafety.com\/3hrsaf8df4\/uploads\/2023\/09\/classpic4-600x714.jpg 600w, https:\/\/3hourroadwaysafety.com\/3hrsaf8df4\/uploads\/2023\/09\/classpic4-800x952.jpg 800w, https:\/\/3hourroadwaysafety.com\/3hrsaf8df4\/uploads\/2023\/09\/classpic4.jpg 1104w\" sizes=\"auto, (max-width: 860px) 100vw, 860px\" \/><\/figure>\n<\/div><\/div>\n\n\n\n<div class=\"wp-block-column is-vertically-aligned-center is-layout-flow wp-block-column-is-layout-flow\">\n<p id=\"best-solution\" style=\"margin-bottom:var(--wp--preset--spacing--30)\"><strong>Las mejores soluciones<\/strong><\/p>\n\n\n\n<h2 class=\"wp-block-heading\" style=\"margin-top:var(--wp--preset--spacing--40);margin-right:0;margin-bottom:var(--wp--preset--spacing--40);margin-left:0\"><strong>Horario de clases presenciales \/ ex\u00e1menes<\/strong><\/h2>\n\n\n\n<div class=\"wp-block-columns is-layout-flex wp-container-core-columns-is-layout-9d6595d7 wp-block-columns-is-layout-flex\">\n<div class=\"wp-block-column is-layout-flow wp-block-column-is-layout-flow\">\n<p><strong>Clase presencial<\/strong><br>Cada dos domingos de 9:00 a.m. a 12:00 p.m. (Espa\u00f1ol)<br>Baltimore Office<br>2111 Eastern Avenue<br>Baltimore MD 21231<br>9am-12pm (Espa\u00f1ol)<br><strong><a href=\"\/es\/registrarse\/\" data-type=\"link\" data-id=\"https:\/\/pci.jotform.com\/form\/260373540631148\">\u00a1Reg\u00edstrese aqu\u00ed!<\/a><\/strong><\/p>\n<\/div>\n\n\n\n<div class=\"wp-block-column is-layout-flow wp-block-column-is-layout-flow\">\n<p><strong>Horario de ex\u00e1menes<br><\/strong>Lunes a viernes: 12:45 p.m. \u2013 1:00 p.m. y 5:45 p.m. \u2013 6:00 p.m.<\/p>\n\n\n\n<p>S\u00e1bados: 12:45 p.m. \u2013 1:00 p.m.<\/p>\n\n\n\n<p>Domingos: 1:45 p.m.<\/p>\n<\/div>\n<\/div>\n<\/div>\n<\/div>\n<\/div><\/div>\n\n\n\n<div class=\"wp-block-group fifth-section-home\" style=\"padding-top:var(--wp--preset--spacing--60);padding-bottom:var(--wp--preset--spacing--60)\"><div class=\"wp-block-group__inner-container is-layout-constrained wp-block-group-is-layout-constrained\">\n<h2 class=\"wp-block-heading has-text-align-center\"><strong>\u00a1Empieza ahora!<\/strong><\/h2>\n\n\n\n<p class=\"has-text-align-center\">Registrar<\/p>\n\n\n\n<p class=\"has-text-align-center has-larger-font-size\"><strong>$50<\/strong><\/p>\n\n\n\n<div class=\"wp-block-buttons btn-version is-content-justification-center is-layout-flex wp-container-core-buttons-is-layout-4991cd07 wp-block-buttons-is-layout-flex\" style=\"margin-top:var(--wp--preset--spacing--70)\">\n<div class=\"wp-block-button\"><a class=\"wp-block-button__link wp-element-button\" href=\"\/es\/registrarse\/\"><strong>Reg\u00edstrate ahora<\/strong><\/a><\/div>\n<\/div>\n<\/div><\/div>\n","protected":false},"excerpt":{"rendered":"<p>Todo en l\u00ednea \u00a1Obt\u00e9n tu licencia de Maryland ahora! \u00a1Ya est\u00e1 disponible nuestro curso Maryland 3 Hour Roadway Safety ! \u00ab$50 Cheap ALL ONLINE DIP\u201d te da la bienvenida a nuestro curso de seguridad vial de 3 horas. Esta es la clase para quienes tienen una licencia de conducir extranjera y desean obtener una licencia&#8230;<\/p>\n","protected":false},"author":2,"featured_media":0,"parent":0,"menu_order":0,"comment_status":"closed","ping_status":"closed","template":"","meta":{"_acf_changed":false,"_kad_post_transparent":"","_kad_post_title":"","_kad_post_layout":"","_kad_post_sidebar_id":"","_kad_post_content_style":"","_kad_post_vertical_padding":"hide","_kad_post_feature":"","_kad_post_feature_position":"","_kad_post_header":false,"_kad_post_footer":false,"_kad_post_classname":"","footnotes":""},"class_list":["post-2738","page","type-page","status-publish","hentry"],"acf":[],"_links":{"self":[{"href":"https:\/\/3hourroadwaysafety.com\/es\/wp-json\/wp\/v2\/pages\/2738","targetHints":{"allow":["GET"]}}],"collection":[{"href":"https:\/\/3hourroadwaysafety.com\/es\/wp-json\/wp\/v2\/pages"}],"about":[{"href":"https:\/\/3hourroadwaysafety.com\/es\/wp-json\/wp\/v2\/types\/page"}],"author":[{"embeddable":true,"href":"https:\/\/3hourroadwaysafety.com\/es\/wp-json\/wp\/v2\/users\/2"}],"replies":[{"embeddable":true,"href":"https:\/\/3hourroadwaysafety.com\/es\/wp-json\/wp\/v2\/comments?post=2738"}],"version-history":[{"count":4,"href":"https:\/\/3hourroadwaysafety.com\/es\/wp-json\/wp\/v2\/pages\/2738\/revisions"}],"predecessor-version":[{"id":4530,"href":"https:\/\/3hourroadwaysafety.com\/es\/wp-json\/wp\/v2\/pages\/2738\/revisions\/4530"}],"wp:attachment":[{"href":"https:\/\/3hourroadwaysafety.com\/es\/wp-json\/wp\/v2\/media?parent=2738"}],"curies":[{"name":"wp","href":"https:\/\/api.w.org\/{rel}","templated":true}]}}