{"id":2868,"date":"2025-07-23T14:22:45","date_gmt":"2025-07-23T14:22:45","guid":{"rendered":"https:\/\/3hourroadwaysafety.com\/?page_id=2868"},"modified":"2026-03-16T04:49:00","modified_gmt":"2026-03-16T08:49:00","slug":"registrarse","status":"publish","type":"page","link":"https:\/\/3hourroadwaysafety.com\/es\/registrarse\/","title":{"rendered":"Registrarse"},"content":{"rendered":"\r\n    <h2 style=\"text-align: center\">Formulario de registro de 3 Hour Roadway<\/h2>\r\n    <div id=\"tutor-registration-wrap\">\r\n\r\n        \r\n        <form method=\"post\" enctype=\"multipart\/form-data\" id=\"tutor-registration-form\">\r\n            \r\n            <input type=\"hidden\" id=\"_tutor_nonce\" name=\"_tutor_nonce\" value=\"c3535aedda\" \/><input type=\"hidden\" name=\"_wp_http_referer\" value=\"\/es\/wp-json\/wp\/v2\/pages\/2868\" \/>            <input type=\"hidden\" name=\"tutor_course_enroll_attempt\"\r\n                   value=\"2718\">\r\n            <input type=\"hidden\" value=\"tutor_register_student\" name=\"tutor_action\"\/>\r\n            <input type=\"hidden\" name=\"country\" value=\"US\">\r\n\r\n            \r\n            <div class=\"spanish-registration\">\r\n                <a href=\"https:\/\/form.jotform.com\/mariastagntitle\/3hourdrugandalcoholregistration\">\r\n                    Si desea tomar un curso en espa\u00f1ol, por favor reg\u00edstrese aqu\u00ed.                <\/a>\r\n            <\/div>\r\n\r\n            <div class=\"important-message\">\r\n                <strong>\u00bfTE DETUVO LA POLIC\u00cdA?<\/strong><br>\r\n                Si es as\u00ed, esta NO es la clase para ti. Necesitas un curso de mejoramiento para conductores.                <br>\r\n                Ve a <a href=\"http:\/\/www.mvadip.com\">www.mvadip.com<\/a> y reg\u00edstrate hoy.            <\/div>\r\n\r\n            <div class=\"tutor-form-row\">\r\n                <div class=\"tutor-form-col-6\">\r\n                    <div class=\"tutor-form-group\">\r\n                        <label>\r\n                            Nombre                            <small> (tal como aparece en tu pasaporte) <\/small><span\r\n                                    style=\"color:red\">*<\/span>\r\n                        <\/label>\r\n\r\n                        <input type=\"text\" name=\"first_name\" id=\"first_name\"\r\n                               value=\"\"\r\n                               placeholder=\"Nombre\" required\r\n                               autocomplete=\"given-name\">\r\n                    <\/div>\r\n                <\/div>\r\n\r\n                <div class=\"tutor-form-col-6\">\r\n                    <div class=\"tutor-form-group\">\r\n                        <label>\r\n                            Apellidos                            <small> (tal como aparece en tu pasaporte) <\/small><span\r\n                                    style=\"color:red\">*<\/span>\r\n                        <\/label>\r\n\r\n                        <input type=\"text\" name=\"last_name\" id=\"last_name\"\r\n                               value=\"\"\r\n                               placeholder=\"Apellidos\" required\r\n                               autocomplete=\"family-name\">\r\n                        <small>Si tu apellido actual es diferente al que aparece en el pasaporte, necesitaremos una copia del certificado de matrimonio o divorcio.<\/small>\r\n                    <\/div>\r\n                <\/div>\r\n\r\n                <!-- DOB -->\r\n                <div class=\"tutor-form-col-6\">\r\n                    <div class=\"tutor-form-group\">\r\n                                                <label>Fecha de nacimiento<span\r\n                                    style=\"color:red\">*<\/span><\/label>\r\n                        <input type=\"date\" name=\"dob\" max=\"2008-05-02\" id=\"dob\"\r\n                               value=\"\"\r\n                               placeholder=\"Fecha de nacimiento\" required>\r\n                    <\/div>\r\n                <\/div>\r\n            <\/div>\r\n\r\n            <!-- CONTACT -->\r\n            <div class=\"tutor-form-row\">\r\n                <div class=\"tutor-form-row\">\r\n                    <div class=\"tutor-form-col-12\">\r\n                        <div class=\"tutor-form-group\">\r\n                            <label>N\u00famero de tel\u00e9fono<span\r\n                                        style=\"color:red\">*<\/span><\/label>\r\n                            <input type=\"text\" name=\"phone_no\" id=\"phone_no\"\r\n                                   value=\"\"\r\n                                   placeholder=\"N\u00famero de tel\u00e9fono\" required>\r\n                        <\/div>\r\n                    <\/div>\r\n                <\/div>\r\n\r\n                <div class=\"tutor-form-col-6\">\r\n                    <div class=\"tutor-form-group\">\r\n                        <label>\r\n                            Correo electr\u00f3nico<span style=\"color:red\">*<\/span>\r\n                        <\/label>\r\n                        <input type=\"email\" name=\"email\" id=\"email\"\r\n                               value=\"\"\r\n                               placeholder=\"Correo electr\u00f3nico\" required autocomplete=\"email\">\r\n                        <input type=\"text\" name=\"user_login\" class=\"hide_field\"\r\n                               value=\"\">\r\n                    <\/div>\r\n                <\/div>\r\n            <\/div>\r\n\r\n            <!-- ADDRESS -->\r\n            <div class=\"tutor-form-row\">\r\n                <div class=\"tutor-form-row\">\r\n                    <div class=\"tutor-form-col-12\">\r\n                        <div class=\"tutor-form-group\">\r\n                            <label>Apartment number<span\r\n                                        style=\"color:red\"><\/span><\/label>\r\n                            <input type=\"text\" name=\"apt_no\" id=\"apt_no\"\r\n                                   value=\"\"\r\n                                   placeholder=\"Apartment number\" >\r\n                        <\/div>\r\n                    <\/div>\r\n                <\/div>\r\n\r\n                <div class=\"tutor-form-col-6\">\r\n                    <div class=\"tutor-form-group\">\r\n                        <label>Direcci\u00f3n f\u00edsica de residencia<span\r\n                                    style=\"color:red\">*<\/span>\r\n                            <small>(No puede ser un apartado postal)<\/small><\/label>\r\n                        <input type=\"text\" name=\"address\" id=\"address\"\r\n                               value=\"\"\r\n                               placeholder=\"Direcci\u00f3n f\u00edsica de residencia\"\r\n                               required>\r\n                    <\/div>\r\n                <\/div>\r\n\r\n                <div class=\"tutor-form-col-6\">\r\n                    <div class=\"tutor-form-group\">\r\n                        <label>Ciudad<span\r\n                                    style=\"color:red\">*<\/span><\/label>\r\n                        <input type=\"text\" name=\"city\" id=\"city\"\r\n                               value=\"\"\r\n                               placeholder=\"Ciudad\" required>\r\n                    <\/div>\r\n                <\/div>\r\n\r\n                <div class=\"tutor-form-col-6\">\r\n                    <div class=\"tutor-form-group\">\r\n                        <label>Estado<span style=\"color:red\">*<\/span><\/label>\r\n                        <input type=\"text\" name=\"state\" id=\"state\"\r\n                               value=\"\"\r\n                               placeholder=\"Estado\" required>\r\n                    <\/div>\r\n                <\/div>\r\n\r\n                <div class=\"tutor-form-col-6\">\r\n                    <div class=\"tutor-form-group\">\r\n                        <label>C\u00f3digo postal<span\r\n                                    style=\"color:red\">*<\/span><\/label>\r\n                        <input type=\"text\" name=\"zipcode\" id=\"zipcode\"\r\n                               value=\"\"\r\n                               placeholder=\"C\u00f3digo postal\"\r\n                               required>\r\n                    <\/div>\r\n                <\/div>\r\n            <\/div>\r\n\r\n            <!-- PASSWORD -->\r\n            <div class=\"tutor-form-row\">\r\n                <div class=\"tutor-form-col-6\">\r\n                    <div class=\"tutor-form-group\">\r\n                        <div class=\"tutor-password-strength-checker\">\r\n                            <div class=\"tutor-password-field\">\r\n                                <label>\r\n                                    Contrase\u00f1a<span style=\"color:red\">*<\/span>\r\n                                <\/label>\r\n\r\n                                <input class=\"password-checker\" id=\"tutor-new-password\" type=\"password\" name=\"password\"\r\n                                       value=\"\"\r\n                                       placeholder=\"Contrase\u00f1a\" required\r\n                                       autocomplete=\"new-password\">\r\n                                <span class=\"show-hide-btn\"><\/span>\r\n                            <\/div>\r\n\r\n                            <div class=\"tutor-password-strength-hint\">\r\n                                <div class=\"indicator\">\r\n                                    <span class=\"weak\"><\/span>\r\n                                    <span class=\"medium\"><\/span>\r\n                                    <span class=\"strong\"><\/span>\r\n                                <\/div>\r\n                                <div class=\"text tutor-fs-7 tutor-color-muted\"><\/div>\r\n                            <\/div>\r\n                        <\/div>\r\n                    <\/div>\r\n                <\/div>\r\n\r\n                <div class=\"tutor-form-col-6\">\r\n                    <div class=\"tutor-form-group\">\r\n                        <label>\r\n                            Confirmaci\u00f3n de contrase\u00f1a                        <\/label>\r\n\r\n                        <div class=\"tutor-form-wrap\">\r\n                            <span class=\"tutor-validation-icon tutor-icon-mark tutor-color-success tutor-form-icon tutor-form-icon-reverse\"\r\n                                  style=\"display: none;\"><\/span>\r\n                            <input type=\"password\" name=\"password_confirmation\"\r\n                                   value=\"\"\r\n                                   placeholder=\"Confirmaci\u00f3n de contrase\u00f1a\" required\r\n                                   autocomplete=\"new-password\">\r\n                        <\/div>\r\n                    <\/div>\r\n                <\/div>\r\n            <\/div>\r\n\r\n            <div class=\"tutor-form-row\">\r\n\r\n                <!-- UPLOADS -->\r\n                <div class=\"tutor-form-col-6\">\r\n                    <div class=\"tutor-form-group\">\r\n                        <label>Sube una foto de tu pasaporte<span\r\n                                    style=\"color:red\">*<\/span><em>(max: 2Mo)<\/em><\/label>\r\n                        <input type=\"file\" name=\"passport_picture\" id=\"passport_picture\"\r\n                               class=\"tutor-form-control\" required\/>\r\n                    <\/div>\r\n                <\/div>\r\n\r\n                <div class=\"tutor-form-col-6\">\r\n                    <div class=\"tutor-form-group\">\r\n                        <label>Sube una foto de tu licencia de conducir de tu pa\u00eds de origen                            <span style=\"color:red\">*<\/span><em>(max: 2Mo)<\/em><\/label>\r\n                        <input type=\"file\" name=\"home_license_picture\" id=\"home_license_picture\"\r\n                               class=\"tutor-form-control\" required\/>\r\n                    <\/div>\r\n                <\/div>\r\n\r\n                <!-- MD Info -->\r\n                <div class=\"tutor-form-col-6\">\r\n                    <div class=\"tutor-form-group\">\r\n                        <label id=\"have_md\">\u00bfYa tienes una identificaci\u00f3n de Maryland (MD ID)?                            <span\r\n                                    style=\"color:red\">*<\/span><\/label>\r\n                                                <input type=\"radio\" name=\"have_md\" value=\"yes\"  id=\"have_md_yes\"\r\n                               required> Si<br>\r\n                        <input type=\"radio\" name=\"have_md\" id=\"have_md_no\"\r\n                               value=\"no\" > No                    <\/div>\r\n                <\/div>\r\n\r\n                <div class=\"tutor-form-col-6\" style=\"display:none;\" id=\"md_id_section\">\r\n                    <div class=\"tutor-form-group\">\r\n                        <label>Si la tienes, por favor introduce tu n\u00famero de MD ID                            <span style=\"color:red\">*<\/span><\/label>\r\n                        <input type=\"text\" name=\"md_id\" id=\"md_id\"\r\n                               value=\"\">\r\n                    <\/div>\r\n                <\/div>\r\n            <\/div>\r\n\r\n            <!-- SIGNATURE -->\r\n            <div class=\"tutor-form-row\">\r\n                <div class=\"tutor-form-col-12\">\r\n                    <div class=\"tutor-form-group\">\r\n                        <label>\r\n                            Signature<span style=\"color:red\">*<\/span>\r\n                        <\/label>\r\n                        <canvas id=\"signature-pad\" width=\"400\" height=\"200\" style=\"border:1px solid #ccc;\"><\/canvas>\r\n                        <input type=\"text\" name=\"user_signature\" id=\"user_signature\" class=\"hide_field\"><br>\r\n                        <small>Esta firma confirma que te est\u00e1s inscribiendo en la clase de seguridad vial de 3 horas necesaria para obtener una licencia de Maryland y tambi\u00e9n otorgas permiso a \u201c$50 Cheap ALL ONLINE DIP\u201d para actuar como tu apoderado para obtener tu MD ID en caso de ser necesario.<\/small><br>\r\n                        <button type=\"button\" class=\"tutor-btn\"\r\n                                id=\"clear-signature\">Limpiar<\/button>\r\n                    <\/div>\r\n                <\/div>\r\n            <\/div>\r\n\r\n            <div class=\"tutor-form-row\">\r\n                <div class=\"tutor-form-col-12\">\r\n                    <div class=\"tutor-form-group\">\r\n                        <div style=\"padding-bottom:20px;\">\r\n                            After your registration is validated, you will be redirected to the payment page.                        <\/div>\r\n                    <\/div>\r\n                <\/div>\r\n            <\/div>\r\n\r\n            <div class=\"tutor-form-row\">\r\n                <div class=\"tutor-form-col-12\">\r\n                    <div class=\"tutor-form-group\">\r\n                                            <\/div>\r\n                <\/div>\r\n            <\/div>\r\n\r\n            \r\n                        \r\n            <div class=\"tutor-form-row\">\r\n                <div class=\"tutor-form-col-12\">\r\n                    <div class=\"cf-turnstile\" data-sitekey=\"0x4AAAAAAC_8xo2DHAVvZgeH\"><\/div>\r\n                <\/div>\r\n            <\/div>\r\n\r\n            <div class=\"tutor-form-row\">\r\n                <div class=\"tutor-form-col-12\">\r\n                    <button type=\"submit\" class=\"tutor-btn tutor-btn-primary tutor-btn-block\">\r\n                        Continue to payment                    <\/button>\r\n                <\/div>\r\n            <\/div>\r\n\r\n            \r\n                        \r\n            \r\n        <\/form>\r\n        \r\n    <\/div>\r\n    \n","protected":false},"excerpt":{"rendered":"","protected":false},"author":2,"featured_media":0,"parent":0,"menu_order":0,"comment_status":"closed","ping_status":"closed","template":"","meta":{"_acf_changed":false,"_kad_post_transparent":"","_kad_post_title":"","_kad_post_layout":"","_kad_post_sidebar_id":"","_kad_post_content_style":"","_kad_post_vertical_padding":"hide","_kad_post_feature":"","_kad_post_feature_position":"","_kad_post_header":false,"_kad_post_footer":false,"_kad_post_classname":"","footnotes":""},"class_list":["post-2868","page","type-page","status-publish","hentry"],"acf":[],"_links":{"self":[{"href":"https:\/\/3hourroadwaysafety.com\/es\/wp-json\/wp\/v2\/pages\/2868","targetHints":{"allow":["GET"]}}],"collection":[{"href":"https:\/\/3hourroadwaysafety.com\/es\/wp-json\/wp\/v2\/pages"}],"about":[{"href":"https:\/\/3hourroadwaysafety.com\/es\/wp-json\/wp\/v2\/types\/page"}],"author":[{"embeddable":true,"href":"https:\/\/3hourroadwaysafety.com\/es\/wp-json\/wp\/v2\/users\/2"}],"replies":[{"embeddable":true,"href":"https:\/\/3hourroadwaysafety.com\/es\/wp-json\/wp\/v2\/comments?post=2868"}],"version-history":[{"count":1,"href":"https:\/\/3hourroadwaysafety.com\/es\/wp-json\/wp\/v2\/pages\/2868\/revisions"}],"predecessor-version":[{"id":4042,"href":"https:\/\/3hourroadwaysafety.com\/es\/wp-json\/wp\/v2\/pages\/2868\/revisions\/4042"}],"wp:attachment":[{"href":"https:\/\/3hourroadwaysafety.com\/es\/wp-json\/wp\/v2\/media?parent=2868"}],"curies":[{"name":"wp","href":"https:\/\/api.w.org\/{rel}","templated":true}]}}